{"id":9068,"date":"2025-08-15T13:13:34","date_gmt":"2025-08-15T16:13:34","guid":{"rendered":"https:\/\/bikefacil.com\/?page_id=9068"},"modified":"2025-08-21T17:36:15","modified_gmt":"2025-08-21T20:36:15","slug":"informacoes-legais","status":"publish","type":"page","link":"https:\/\/bikefacil.com\/informacoes-legais\/","title":{"rendered":"Informa\u00e7\u00f5es Legais"},"content":{"rendered":"<p><div class=\"fusion-fullwidth fullwidth-box fusion-builder-row-1 fusion-flex-container has-pattern-background has-mask-background nonhundred-percent-fullwidth non-hundred-percent-height-scrolling fusion-no-small-visibility fusion-custom-z-index\" style=\"--awb-border-radius-top-left:0px;--awb-border-radius-top-right:0px;--awb-border-radius-bottom-right:0px;--awb-border-radius-bottom-left:0px;--awb-z-index:1;--awb-padding-top:160px;--awb-background-color:var(--awb-color3);--awb-background-size:contain;--awb-flex-wrap:wrap;\" ><div class=\"fusion-builder-row fusion-row fusion-flex-align-items-flex-start fusion-flex-content-wrap\" style=\"max-width:1318.4px;margin-left: calc(-3% \/ 2 );margin-right: calc(-3% \/ 2 );\"><div class=\"fusion-layout-column fusion_builder_column fusion-builder-column-0 fusion_builder_column_1_4 1_4 fusion-flex-column\" style=\"--awb-bg-size:cover;--awb-width-large:25%;--awb-spacing-right-large:5.82%;--awb-margin-bottom-large:0px;--awb-spacing-left-large:5.82%;--awb-width-medium:25%;--awb-order-medium:0;--awb-spacing-right-medium:5.82%;--awb-spacing-left-medium:5.82%;--awb-width-small:100%;--awb-order-small:0;--awb-spacing-right-small:1.455%;--awb-spacing-left-small:1.455%;\"><div class=\"fusion-column-wrapper fusion-column-has-shadow fusion-flex-justify-content-flex-start fusion-content-layout-column\"><\/div><\/div><div class=\"fusion-layout-column fusion_builder_column fusion-builder-column-1 fusion_builder_column_1_2 1_2 fusion-flex-column\" style=\"--awb-bg-size:cover;--awb-width-large:50%;--awb-spacing-right-large:2.91%;--awb-margin-bottom-large:60px;--awb-spacing-left-large:2.91%;--awb-width-medium:50%;--awb-order-medium:0;--awb-spacing-right-medium:2.91%;--awb-spacing-left-medium:2.91%;--awb-width-small:100%;--awb-order-small:0;--awb-spacing-right-small:1.455%;--awb-spacing-left-small:1.455%;\"><div class=\"fusion-column-wrapper fusion-column-has-shadow fusion-flex-justify-content-flex-start fusion-content-layout-column\"><div class=\"fusion-title title fusion-title-1 fusion-sep-none fusion-title-center fusion-title-text fusion-title-size-two\" style=\"--awb-margin-bottom:0px;--awb-margin-bottom-small:30px;\"><h2 class=\"fusion-title-heading title-heading-center fusion-responsive-typography-calculated\" style=\"margin:0;text-transform:none;--fontSize:36;line-height:1.35;\"><p>Informa\u00e7\u00f5es <mark class=\"fusion-highlight custom-textcolor highlight1 awb-highlight-marker\" style=\"--awb-color:#EDFF00;--awb-text-color:#001830;\"><b>Legais<\/b><\/mark><\/h2><\/div><div class=\"fusion-separator fusion-has-icon fusion-full-width-sep\" style=\"align-self: center;margin-left: auto;margin-right: auto;margin-top:30px;width:100%;max-width:100%;\"><div class=\"fusion-separator-border sep-single sep-solid\" style=\"--awb-height:20px;--awb-amount:20px;--awb-sep-color:var(--awb-custom_color_18);border-color:var(--awb-custom_color_18);border-top-width:1px;\"><\/div><span class=\"icon-wrapper\" style=\"border-color:transparent;font-size:26px;width: 1.75em; height: 1.75em;border-width:1px;padding:1px;margin-top:-0.5px\"><i class=\"icon-bkf-BKF_ICONES_1X1_PRETO-96\" style=\"font-size: inherit;color:var(--awb-color6);\" aria-hidden=\"true\"><\/i><\/span><div class=\"fusion-separator-border sep-single sep-solid\" style=\"--awb-height:20px;--awb-amount:20px;--awb-sep-color:var(--awb-custom_color_18);border-color:var(--awb-custom_color_18);border-top-width:1px;\"><\/div><\/div><\/div><\/div><div class=\"fusion-layout-column fusion_builder_column fusion-builder-column-2 fusion_builder_column_1_4 1_4 fusion-flex-column\" style=\"--awb-bg-size:cover;--awb-width-large:25%;--awb-spacing-right-large:5.82%;--awb-margin-bottom-large:0px;--awb-spacing-left-large:5.82%;--awb-width-medium:25%;--awb-order-medium:0;--awb-spacing-right-medium:5.82%;--awb-spacing-left-medium:5.82%;--awb-width-small:100%;--awb-order-small:0;--awb-spacing-right-small:1.455%;--awb-spacing-left-small:1.455%;\"><div class=\"fusion-column-wrapper fusion-column-has-shadow fusion-flex-justify-content-flex-start fusion-content-layout-column\"><\/div><\/div><\/div><\/div><div class=\"fusion-fullwidth fullwidth-box fusion-builder-row-2 fusion-flex-container has-pattern-background has-mask-background nonhundred-percent-fullwidth non-hundred-percent-height-scrolling fusion-no-small-visibility fusion-custom-z-index\" style=\"--awb-border-radius-top-left:0px;--awb-border-radius-top-right:0px;--awb-border-radius-bottom-right:0px;--awb-border-radius-bottom-left:0px;--awb-z-index:1;--awb-padding-bottom:160px;--awb-background-color:var(--awb-color3);--awb-background-size:contain;--awb-flex-wrap:wrap;\" ><div class=\"fusion-builder-row fusion-row fusion-flex-align-items-flex-start fusion-flex-content-wrap\" style=\"max-width:1318.4px;margin-left: calc(-3% \/ 2 );margin-right: calc(-3% \/ 2 );\"><div class=\"fusion-layout-column fusion_builder_column fusion-builder-column-3 fusion_builder_column_1_1 1_1 fusion-flex-column\" style=\"--awb-bg-size:cover;--awb-width-large:100%;--awb-spacing-right-large:1.455%;--awb-margin-bottom-large:0px;--awb-spacing-left-large:1.455%;--awb-width-medium:100%;--awb-order-medium:0;--awb-spacing-right-medium:1.455%;--awb-spacing-left-medium:1.455%;--awb-width-small:100%;--awb-order-small:0;--awb-spacing-right-small:1.455%;--awb-spacing-left-small:1.455%;\"><div class=\"fusion-column-wrapper fusion-column-has-shadow fusion-flex-justify-content-flex-start fusion-content-layout-column\"><div class=\"fusion-text fusion-text-1\"><section>\n<h5 style=\"font-weight: bold; padding-bottom: 20px;\">Informa\u00e7\u00f5es do Propriet\u00e1rio<\/h5>\n<p><strong>Nome da Empresa:<\/strong> Bike F\u00e1cil Solu\u00e7\u00f5es de Mobilidade Urbana<\/p>\n<p><strong>Endere\u00e7o:<\/strong> Rua Treze de Maio, 486 &#8211; Pinhais\/PR<\/p>\n<p><strong>CNPJ:<\/strong> 39.520.602\/0001-05<\/p>\n<\/section>\n<section>\n<h5 style=\"font-weight: bold; padding-bottom: 20px;\">Contato<\/h5>\n<p><strong>E-mail:<\/strong> <a href=\"mailto:contato@bikefacil.com\">contato@bikefacil.com<\/a><\/p>\n<p><strong>Telefone:<\/strong> (41) 3033-0225<\/p>\n<\/section>\n<section>\n<h5 style=\"font-weight: bold; padding-bottom: 20px;\">Representa\u00e7\u00e3o Legal<\/h5>\n<p><strong>Respons\u00e1vel Legal:<\/strong> Yuri Breckenfeld<\/p>\n<\/section>\n<section>\n<h5 style=\"font-weight: bold; padding-bottom: 20px;\">Conte\u00fado e Responsabilidade<\/h5>\n<p>Embora nos esforcemos para manter o conte\u00fado deste site atualizado e preciso, n\u00e3o assumimos qualquer responsabilidade pela precis\u00e3o, integridade ou atualidade das informa\u00e7\u00f5es fornecidas.<\/p>\n<p>Somos respons\u00e1veis apenas pelo conte\u00fado gerado diretamente pela Bike F\u00e1cil. N\u00e3o assumimos responsabilidade por conte\u00fados externos vinculados ao site.<\/p>\n<\/section>\n<section>\n<h5 style=\"font-weight: bold; padding-bottom: 20px;\">Direitos Autorais<\/h5>\n<p>Todo o conte\u00fado deste site, incluindo textos, imagens, logotipos e v\u00eddeos, est\u00e1 protegido por direitos autorais. A reprodu\u00e7\u00e3o, modifica\u00e7\u00e3o ou distribui\u00e7\u00e3o sem autoriza\u00e7\u00e3o pr\u00e9via \u00e9 proibida.<\/p>\n<\/section>\n<section>\n<h5 style=\"font-weight: bold; padding-bottom: 20px;\">Resolu\u00e7\u00e3o de Disputas<\/h5>\n<p>Para disputas relacionadas ao consumo, indicamos a <a href=\"https:\/\/www.consumidor.gov.br\" target=\"_blank\" rel=\"noopener\">plataforma de resolu\u00e7\u00e3o de disputas do Consumidor.gov.br<\/a> no Brasil.<br \/>\n<\/section>\n<\/div><\/div><\/div><\/div><\/div><div class=\"fusion-fullwidth fullwidth-box fusion-builder-row-3 fusion-flex-container has-pattern-background has-mask-background nonhundred-percent-fullwidth non-hundred-percent-height-scrolling fusion-no-medium-visibility fusion-no-large-visibility fusion-custom-z-index\" style=\"--awb-border-radius-top-left:0px;--awb-border-radius-top-right:0px;--awb-border-radius-bottom-right:0px;--awb-border-radius-bottom-left:0px;--awb-z-index:1;--awb-padding-top:60px;--awb-padding-right:40px;--awb-padding-bottom:40px;--awb-padding-left:40px;--awb-background-color:var(--awb-color3);--awb-background-size:contain;--awb-flex-wrap:wrap;\" ><div class=\"fusion-builder-row fusion-row fusion-flex-align-items-flex-start fusion-flex-content-wrap\" style=\"max-width:1318.4px;margin-left: calc(-3% \/ 2 );margin-right: calc(-3% \/ 2 );\"><div class=\"fusion-layout-column fusion_builder_column fusion-builder-column-4 fusion_builder_column_1_1 1_1 fusion-flex-column\" style=\"--awb-bg-size:cover;--awb-width-large:100%;--awb-spacing-right-large:1.455%;--awb-margin-bottom-large:20px;--awb-spacing-left-large:1.455%;--awb-width-medium:100%;--awb-order-medium:0;--awb-spacing-right-medium:1.455%;--awb-spacing-left-medium:1.455%;--awb-width-small:100%;--awb-order-small:0;--awb-spacing-right-small:1.455%;--awb-spacing-left-small:1.455%;\"><div class=\"fusion-column-wrapper fusion-column-has-shadow fusion-flex-justify-content-flex-start fusion-content-layout-column\"><div class=\"fusion-title title fusion-title-2 fusion-sep-none fusion-title-center fusion-title-text fusion-title-size-two\" style=\"--awb-margin-bottom:0px;--awb-margin-bottom-small:30px;\"><h2 class=\"fusion-title-heading title-heading-center fusion-responsive-typography-calculated\" style=\"margin:0;text-transform:none;--fontSize:36;line-height:1.35;\"><p>Informa\u00e7\u00f5es <mark class=\"fusion-highlight custom-textcolor highlight1 awb-highlight-marker\" style=\"--awb-color:#EDFF00;--awb-text-color:#001830;\"><b>Legais<\/b><\/mark><\/h2><\/div><div class=\"fusion-separator fusion-has-icon fusion-full-width-sep\" style=\"align-self: center;margin-left: auto;margin-right: auto;margin-top:30px;width:100%;max-width:100%;\"><div class=\"fusion-separator-border sep-single sep-solid\" style=\"--awb-height:20px;--awb-amount:20px;--awb-sep-color:var(--awb-custom_color_18);border-color:var(--awb-custom_color_18);border-top-width:1px;\"><\/div><span class=\"icon-wrapper\" style=\"border-color:transparent;font-size:26px;width: 1.75em; height: 1.75em;border-width:1px;padding:1px;margin-top:-0.5px\"><i class=\"icon-bkf-BKF_ICONES_1X1_PRETO-96\" style=\"font-size: inherit;color:var(--awb-color6);\" aria-hidden=\"true\"><\/i><\/span><div class=\"fusion-separator-border sep-single sep-solid\" style=\"--awb-height:20px;--awb-amount:20px;--awb-sep-color:var(--awb-custom_color_18);border-color:var(--awb-custom_color_18);border-top-width:1px;\"><\/div><\/div><\/div><\/div><\/div><\/div><div class=\"fusion-fullwidth fullwidth-box fusion-builder-row-4 fusion-flex-container has-pattern-background has-mask-background nonhundred-percent-fullwidth non-hundred-percent-height-scrolling fusion-no-medium-visibility fusion-no-large-visibility fusion-custom-z-index\" style=\"--awb-border-radius-top-left:0px;--awb-border-radius-top-right:0px;--awb-border-radius-bottom-right:0px;--awb-border-radius-bottom-left:0px;--awb-z-index:1;--awb-padding-top:0px;--awb-padding-right:40px;--awb-padding-bottom:40px;--awb-padding-left:40px;--awb-background-color:var(--awb-color3);--awb-background-size:contain;--awb-flex-wrap:wrap;\" ><div class=\"fusion-builder-row fusion-row fusion-flex-align-items-flex-start fusion-flex-content-wrap\" style=\"max-width:1318.4px;margin-left: calc(-3% \/ 2 );margin-right: calc(-3% \/ 2 );\"><div class=\"fusion-layout-column fusion_builder_column fusion-builder-column-5 fusion_builder_column_1_1 1_1 fusion-flex-column\" style=\"--awb-bg-size:cover;--awb-width-large:100%;--awb-spacing-right-large:1.455%;--awb-margin-bottom-large:0px;--awb-spacing-left-large:1.455%;--awb-width-medium:100%;--awb-order-medium:0;--awb-spacing-right-medium:1.455%;--awb-spacing-left-medium:1.455%;--awb-width-small:100%;--awb-order-small:0;--awb-spacing-right-small:1.455%;--awb-spacing-left-small:1.455%;\"><div class=\"fusion-column-wrapper fusion-column-has-shadow fusion-flex-justify-content-flex-start fusion-content-layout-column\"><div class=\"fusion-text fusion-text-2\"><section>\n<h5 style=\"font-weight: bold; padding-bottom: 20px;\">Informa\u00e7\u00f5es do Propriet\u00e1rio<\/h5>\n<p><strong>Nome da Empresa:<\/strong> Bike F\u00e1cil Solu\u00e7\u00f5es de Mobilidade Urbana<\/p>\n<p><strong>Endere\u00e7o:<\/strong> Rua Treze de Maio, 486 &#8211; Pinhais\/PR<\/p>\n<p><strong>CNPJ:<\/strong> 39.520.602\/0001-05<\/p>\n<\/section>\n<section>\n<h5 style=\"font-weight: bold; padding-bottom: 20px;\">Contato<\/h5>\n<p><strong>E-mail:<\/strong> <a href=\"mailto:contato@bikefacil.com\">contato@bikefacil.com<\/a><\/p>\n<p><strong>Telefone:<\/strong> (41) 3033-0225<\/p>\n<\/section>\n<section>\n<h5 style=\"font-weight: bold; padding-bottom: 20px;\">Representa\u00e7\u00e3o Legal<\/h5>\n<p><strong>Respons\u00e1vel Legal:<\/strong> Yuri Breckenfeld<\/p>\n<\/section>\n<section>\n<h5 style=\"font-weight: bold; padding-bottom: 20px;\">Conte\u00fado e Responsabilidade<\/h5>\n<p>Embora nos esforcemos para manter o conte\u00fado deste site atualizado e preciso, n\u00e3o assumimos qualquer responsabilidade pela precis\u00e3o, integridade ou atualidade das informa\u00e7\u00f5es fornecidas.<\/p>\n<p>Somos respons\u00e1veis apenas pelo conte\u00fado gerado diretamente pela Bike F\u00e1cil. N\u00e3o assumimos responsabilidade por conte\u00fados externos vinculados ao site.<\/p>\n<\/section>\n<section>\n<h5 style=\"font-weight: bold; padding-bottom: 20px;\">Direitos Autorais<\/h5>\n<p>Todo o conte\u00fado deste site, incluindo textos, imagens, logotipos e v\u00eddeos, est\u00e1 protegido por direitos autorais. A reprodu\u00e7\u00e3o, modifica\u00e7\u00e3o ou distribui\u00e7\u00e3o sem autoriza\u00e7\u00e3o pr\u00e9via \u00e9 proibida.<\/p>\n<\/section>\n<section>\n<h5 style=\"font-weight: bold; padding-bottom: 20px;\">Resolu\u00e7\u00e3o de Disputas<\/h5>\n<p>Para disputas relacionadas ao consumo, indicamos a <a href=\"https:\/\/www.consumidor.gov.br\" target=\"_blank\" rel=\"noopener\">plataforma de resolu\u00e7\u00e3o de disputas do Consumidor.gov.br<\/a> no Brasil.<br \/>\n<\/section>\n<\/div><\/div><\/div><\/div><\/div><\/p>\n","protected":false},"excerpt":{"rendered":"","protected":false},"author":7,"featured_media":0,"parent":0,"menu_order":17,"comment_status":"closed","ping_status":"closed","template":"100-width.php","meta":{"_acf_changed":false,"footnotes":""},"class_list":["post-9068","page","type-page","status-publish","hentry"],"acf":[],"_links":{"self":[{"href":"https:\/\/bikefacil.com\/?rest_route=\/wp\/v2\/pages\/9068","targetHints":{"allow":["GET"]}}],"collection":[{"href":"https:\/\/bikefacil.com\/?rest_route=\/wp\/v2\/pages"}],"about":[{"href":"https:\/\/bikefacil.com\/?rest_route=\/wp\/v2\/types\/page"}],"author":[{"embeddable":true,"href":"https:\/\/bikefacil.com\/?rest_route=\/wp\/v2\/users\/7"}],"replies":[{"embeddable":true,"href":"https:\/\/bikefacil.com\/?rest_route=%2Fwp%2Fv2%2Fcomments&post=9068"}],"version-history":[{"count":0,"href":"https:\/\/bikefacil.com\/?rest_route=\/wp\/v2\/pages\/9068\/revisions"}],"wp:attachment":[{"href":"https:\/\/bikefacil.com\/?rest_route=%2Fwp%2Fv2%2Fmedia&parent=9068"}],"curies":[{"name":"wp","href":"https:\/\/api.w.org\/{rel}","templated":true}]}}